{"id":693,"date":"2026-02-18T11:11:14","date_gmt":"2026-02-18T11:11:14","guid":{"rendered":"https:\/\/hotelaurora.etruriacollection.com\/?page_id=693"},"modified":"2026-02-23T08:56:18","modified_gmt":"2026-02-23T08:56:18","slug":"servizi","status":"publish","type":"page","link":"https:\/\/stanzedigalileo.etruriacollection.com\/en\/servizi\/","title":{"rendered":"Services"},"content":{"rendered":"<div data-elementor-type=\"wp-page\" data-elementor-id=\"693\" class=\"elementor elementor-693\" data-elementor-post-type=\"page\">\n\t\t\t\t<div class=\"elementor-element elementor-element-969faa8 e-con-full e-flex e-con e-parent\" data-id=\"969faa8\" data-element_type=\"container\" data-e-type=\"container\" data-settings=\"{&quot;background_background&quot;:&quot;classic&quot;}\">\n\t\t\t\t<div class=\"elementor-element elementor-element-9ad9542 elementor-widget__width-initial elementor-widget elementor-widget-heading\" data-id=\"9ad9542\" data-element_type=\"widget\" data-e-type=\"widget\" data-widget_type=\"heading.default\">\n\t\t\t\t\t<h2 class=\"elementor-heading-title elementor-size-default\">le Stanze di galileo<\/h2>\t\t\t\t<\/div>\n\t\t\t\t<div class=\"elementor-element elementor-element-3b69329 elementor-widget__width-initial elementor-widget elementor-widget-heading\" data-id=\"3b69329\" data-element_type=\"widget\" data-e-type=\"widget\" data-widget_type=\"heading.default\">\n\t\t\t\t\t<h2 class=\"elementor-heading-title elementor-size-default\">Servizi in Hotel<\/h2>\t\t\t\t<\/div>\n\t\t\t\t<\/div>\n\t\t<div class=\"elementor-element elementor-element-81922ce e-con-full e-flex e-con e-parent\" data-id=\"81922ce\" data-element_type=\"container\" data-e-type=\"container\">\n\t\t<div class=\"elementor-element elementor-element-3917216 e-con-full e-flex e-con e-child\" data-id=\"3917216\" data-element_type=\"container\" data-e-type=\"container\">\n\t\t\t\t<div class=\"elementor-element elementor-element-b84bd14 elementor-widget__width-initial elementor-widget elementor-widget-heading\" data-id=\"b84bd14\" data-element_type=\"widget\" data-e-type=\"widget\" data-widget_type=\"heading.default\">\n\t\t\t\t\t<h2 class=\"elementor-heading-title elementor-size-default\">TURISMO<\/h2>\t\t\t\t<\/div>\n\t\t\t\t<div class=\"elementor-element elementor-element-5939ef5 elementor-widget__width-initial elementor-widget elementor-widget-heading\" data-id=\"5939ef5\" data-element_type=\"widget\" data-e-type=\"widget\" data-widget_type=\"heading.default\">\n\t\t\t\t\t<h2 class=\"elementor-heading-title elementor-size-default\">Guida Turistica &amp; Tour Guidati<\/h2>\t\t\t\t<\/div>\n\t\t\t\t<div class=\"elementor-element elementor-element-30d7690 elementor-widget__width-initial elementor-widget elementor-widget-heading\" data-id=\"30d7690\" data-element_type=\"widget\" data-e-type=\"widget\" data-widget_type=\"heading.default\">\n\t\t\t\t\t<h2 class=\"elementor-heading-title elementor-size-default\">Scopri il fascino autentico di Spoleto e dell\u2019Umbria con le nostre guide turistiche selezionate. Passeggiate nel centro storico, visite ai monumenti simbolo, percorsi naturalistici ed esperienze culturali diventano un viaggio coinvolgente grazie a professionisti esperti del territorio.<\/h2>\t\t\t\t<\/div>\n\t\t\t\t<\/div>\n\t\t<div class=\"elementor-element elementor-element-f5e4f18 e-con-full e-flex e-con e-child\" data-id=\"f5e4f18\" data-element_type=\"container\" data-e-type=\"container\" data-settings=\"{&quot;background_background&quot;:&quot;classic&quot;}\">\n\t\t\t\t<\/div>\n\t\t\t\t<\/div>\n\t\t<div class=\"elementor-element elementor-element-8c32299 e-con-full e-flex e-con e-parent\" data-id=\"8c32299\" data-element_type=\"container\" data-e-type=\"container\">\n\t\t<div class=\"elementor-element elementor-element-e9afc2a e-con-full e-flex e-con e-child\" data-id=\"e9afc2a\" data-element_type=\"container\" data-e-type=\"container\">\n\t\t\t\t<div class=\"elementor-element elementor-element-6f1e2de elementor-widget__width-initial elementor-widget elementor-widget-heading\" data-id=\"6f1e2de\" data-element_type=\"widget\" data-e-type=\"widget\" data-widget_type=\"heading.default\">\n\t\t\t\t\t<h2 class=\"elementor-heading-title elementor-size-default\">PARCHEGGIO CONVENZIONATO<\/h2>\t\t\t\t<\/div>\n\t\t\t\t<div class=\"elementor-element elementor-element-cacfe77 elementor-widget__width-initial elementor-widget elementor-widget-heading\" data-id=\"cacfe77\" data-element_type=\"widget\" data-e-type=\"widget\" data-widget_type=\"heading.default\">\n\t\t\t\t\t<h2 class=\"elementor-heading-title elementor-size-default\">Parcheggio Spoletosfera<\/h2>\t\t\t\t<\/div>\n\t\t\t\t<div class=\"elementor-element elementor-element-cd8ce36 elementor-widget__width-initial elementor-widget elementor-widget-heading\" data-id=\"cd8ce36\" data-element_type=\"widget\" data-e-type=\"widget\" data-widget_type=\"heading.default\">\n\t\t\t\t\t<h2 class=\"elementor-heading-title elementor-size-default\">Per rendere il tuo arrivo e il soggiorno ancora pi\u00f9 comodi, il Boutique Hotel Aurora &amp; Private SPA \u00e8 convenzionato con il Parcheggio Spoletosfera, a pochi minuti a piedi dalla struttura. Questo parcheggio coperto \u00e8 una soluzione pratica, sicura ed economica per lasciare l\u2019auto e muoversi senza pensieri nel centro storico di Spoleto, dove l\u2019accesso \u00e8 regolato dalla ZTL.<\/h2>\t\t\t\t<\/div>\n\t\t\t\t<\/div>\n\t\t<div class=\"elementor-element elementor-element-45459eb e-con-full e-flex e-con e-child\" data-id=\"45459eb\" data-element_type=\"container\" data-e-type=\"container\" data-settings=\"{&quot;background_background&quot;:&quot;classic&quot;}\">\n\t\t\t\t<\/div>\n\t\t\t\t<\/div>\n\t\t<div class=\"elementor-element elementor-element-d770557 e-con-full e-flex e-con e-parent\" data-id=\"d770557\" data-element_type=\"container\" data-e-type=\"container\">\n\t\t<div class=\"elementor-element elementor-element-8160c89 e-con-full e-flex e-con e-child\" data-id=\"8160c89\" data-element_type=\"container\" data-e-type=\"container\">\n\t\t\t\t<div class=\"elementor-element elementor-element-1385c93 elementor-widget__width-initial elementor-widget elementor-widget-heading\" data-id=\"1385c93\" data-element_type=\"widget\" data-e-type=\"widget\" data-widget_type=\"heading.default\">\n\t\t\t\t\t<h2 class=\"elementor-heading-title elementor-size-default\">NOLEGGIO<\/h2>\t\t\t\t<\/div>\n\t\t\t\t<div class=\"elementor-element elementor-element-f60b7f4 elementor-widget__width-initial elementor-widget elementor-widget-heading\" data-id=\"f60b7f4\" data-element_type=\"widget\" data-e-type=\"widget\" data-widget_type=\"heading.default\">\n\t\t\t\t\t<h2 class=\"elementor-heading-title elementor-size-default\">Noleggio Biciclette<\/h2>\t\t\t\t<\/div>\n\t\t\t\t<div class=\"elementor-element elementor-element-cd8ea2b elementor-widget__width-initial elementor-widget elementor-widget-heading\" data-id=\"cd8ea2b\" data-element_type=\"widget\" data-e-type=\"widget\" data-widget_type=\"heading.default\">\n\t\t\t\t\t<h2 class=\"elementor-heading-title elementor-size-default\">Scopri Spoleto e i suoi dintorni in modo sostenibile e rilassante grazie al servizio di noleggio biciclette. Un\u2019ottima soluzione per esplorare il centro storico, i percorsi naturalistici e le bellezze umbre in totale libert\u00e0, seguendo il tuo ritmo e godendo appieno del paesaggio.<\/h2>\t\t\t\t<\/div>\n\t\t\t\t<\/div>\n\t\t<div class=\"elementor-element elementor-element-48ee1d2 e-con-full e-flex e-con e-child\" data-id=\"48ee1d2\" data-element_type=\"container\" data-e-type=\"container\" data-settings=\"{&quot;background_background&quot;:&quot;classic&quot;}\">\n\t\t\t\t<\/div>\n\t\t\t\t<\/div>\n\t\t<div class=\"elementor-element elementor-element-9ccd05c e-con-full e-flex e-con e-parent\" data-id=\"9ccd05c\" data-element_type=\"container\" data-e-type=\"container\" data-settings=\"{&quot;background_background&quot;:&quot;classic&quot;}\">\n\t\t<div class=\"elementor-element elementor-element-ffd3f97 e-con-full e-flex e-con e-child\" data-id=\"ffd3f97\" data-element_type=\"container\" data-e-type=\"container\" data-settings=\"{&quot;background_background&quot;:&quot;classic&quot;}\">\n\t\t<div class=\"elementor-element elementor-element-e4e9f2f e-con-full e-flex e-con e-child\" data-id=\"e4e9f2f\" data-element_type=\"container\" data-e-type=\"container\">\n\t\t\t\t<div class=\"elementor-element elementor-element-e5e34a0 elementor-widget__width-initial elementor-widget elementor-widget-heading\" data-id=\"e5e34a0\" data-element_type=\"widget\" data-e-type=\"widget\" data-widget_type=\"heading.default\">\n\t\t\t\t\t<h2 class=\"elementor-heading-title elementor-size-default\">Etruria collection<\/h2>\t\t\t\t<\/div>\n\t\t\t\t<div class=\"elementor-element elementor-element-bbb0db9 elementor-widget__width-initial elementor-widget elementor-widget-heading\" data-id=\"bbb0db9\" data-element_type=\"widget\" data-e-type=\"widget\" data-widget_type=\"heading.default\">\n\t\t\t\t\t<h2 class=\"elementor-heading-title elementor-size-default\">Etruria Collection,<br>\nhistory and authentic hospitality<\/h2>\t\t\t\t<\/div>\n\t\t\t\t<\/div>\n\t\t<div class=\"elementor-element elementor-element-403fe84 e-con-full e-flex e-con e-child\" data-id=\"403fe84\" data-element_type=\"container\" data-e-type=\"container\">\n\t\t\t\t<div class=\"elementor-element elementor-element-2e2976a elementor-align-right elementor-widget__width-inherit btn elementor-mobile-align-center elementor-widget elementor-widget-button\" data-id=\"2e2976a\" data-element_type=\"widget\" data-e-type=\"widget\" data-widget_type=\"button.default\">\n\t\t\t\t\t\t\t\t\t\t<a class=\"elementor-button elementor-button-link elementor-size-sm\" href=\"https:\/\/etruriacollection.com\/\">\n\t\t\t\t\t\t<span class=\"elementor-button-content-wrapper\">\n\t\t\t\t\t\t\t\t\t<span class=\"elementor-button-text\">Visit the collection<\/span>\n\t\t\t\t\t<\/span>\n\t\t\t\t\t<\/a>\n\t\t\t\t\t\t\t\t<\/div>\n\t\t\t\t<\/div>\n\t\t\t\t<\/div>\n\t\t\t\t<\/div>\n\t\t\t\t<\/div>","protected":false},"excerpt":{"rendered":"<p>le Stanze di galileo Servizi in Hotel TURISMO Guida Turistica &amp; Tour Guidati Scopri il fascino autentico di Spoleto e dell\u2019Umbria con le nostre guide turistiche selezionate. Passeggiate nel centro storico, visite ai monumenti simbolo, percorsi naturalistici ed esperienze culturali diventano un viaggio coinvolgente grazie a professionisti esperti del territorio. PARCHEGGIO CONVENZIONATO Parcheggio Spoletosfera Per [&hellip;]<\/p>\n","protected":false},"author":1,"featured_media":0,"parent":0,"menu_order":0,"comment_status":"closed","ping_status":"closed","template":"","meta":{"footnotes":""},"class_list":["post-693","page","type-page","status-publish","hentry"],"_links":{"self":[{"href":"https:\/\/stanzedigalileo.etruriacollection.com\/en\/wp-json\/wp\/v2\/pages\/693","targetHints":{"allow":["GET"]}}],"collection":[{"href":"https:\/\/stanzedigalileo.etruriacollection.com\/en\/wp-json\/wp\/v2\/pages"}],"about":[{"href":"https:\/\/stanzedigalileo.etruriacollection.com\/en\/wp-json\/wp\/v2\/types\/page"}],"author":[{"embeddable":true,"href":"https:\/\/stanzedigalileo.etruriacollection.com\/en\/wp-json\/wp\/v2\/users\/1"}],"replies":[{"embeddable":true,"href":"https:\/\/stanzedigalileo.etruriacollection.com\/en\/wp-json\/wp\/v2\/comments?post=693"}],"version-history":[{"count":49,"href":"https:\/\/stanzedigalileo.etruriacollection.com\/en\/wp-json\/wp\/v2\/pages\/693\/revisions"}],"predecessor-version":[{"id":1103,"href":"https:\/\/stanzedigalileo.etruriacollection.com\/en\/wp-json\/wp\/v2\/pages\/693\/revisions\/1103"}],"wp:attachment":[{"href":"https:\/\/stanzedigalileo.etruriacollection.com\/en\/wp-json\/wp\/v2\/media?parent=693"}],"curies":[{"name":"wp","href":"https:\/\/api.w.org\/{rel}","templated":true}]}}